{"id":6394,"date":"2023-11-01T10:21:47","date_gmt":"2023-11-01T10:21:47","guid":{"rendered":"https:\/\/snuoda.com\/politica-de-privacidad\/"},"modified":"2025-11-16T04:36:15","modified_gmt":"2025-11-16T04:36:15","slug":"politica-de-privacidad","status":"publish","type":"page","link":"https:\/\/snuoda.com\/es\/politica-de-privacidad\/","title":{"rendered":"Pol\u00edtica de Privacidad"},"content":{"rendered":"<h2 class=\"wp-block-heading\">Qui\u00e9nes Somos<\/h2><p>Texto sugerido: La direcci\u00f3n de nuestro sitio web es: http:\/\/snuoda.com.<\/p><h2 class=\"wp-block-heading\">Comentarios<\/h2><p>Texto sugerido: Cuando los visitantes dejan comentarios en el sitio, recopilamos los datos mostrados en el formulario de comentarios, as\u00ed como la direcci\u00f3n IP del visitante y la cadena de agente de usuario del navegador para ayudar a la detecci\u00f3n de spam.<\/p><p>Se puede proporcionar una cadena an\u00f3nima creada a partir de su direcci\u00f3n de correo electr\u00f3nico (tambi\u00e9n llamada hash) al servicio Gravatar para ver si lo est\u00e1 utilizando. La pol\u00edtica de privacidad del servicio Gravatar est\u00e1 disponible aqu\u00ed: https:\/\/automattic.com\/privacy\/. Despu\u00e9s de la aprobaci\u00f3n de su comentario, su imagen de perfil es visible para el p\u00fablico en el contexto de su comentario.<\/p><h2 class=\"wp-block-heading\">Medios<\/h2><p>Texto sugerido: Si sube im\u00e1genes al sitio web, debe evitar subir im\u00e1genes que incluyan datos de ubicaci\u00f3n incrustados (EXIF GPS). Los visitantes del sitio web pueden descargar y extraer cualquier dato de ubicaci\u00f3n de las im\u00e1genes en el sitio web.<\/p><h2 class=\"wp-block-heading\">Cookies<\/h2><p>Texto sugerido: Si deja un comentario en nuestro sitio, puede optar por guardar su nombre, direcci\u00f3n de correo electr\u00f3nico y sitio web en cookies. Esto es para su conveniencia para que no tenga que completar sus detalles nuevamente cuando deje otro comentario. Estas cookies durar\u00e1n un a\u00f1o.<\/p><p>Si visita nuestra p\u00e1gina de inicio de sesi\u00f3n, estableceremos una cookie temporal para determinar si su navegador acepta cookies. Esta cookie no contiene datos personales y se descarta cuando cierra su navegador.<\/p><p>Cuando inicia sesi\u00f3n, tambi\u00e9n configuraremos varias cookies para guardar su informaci\u00f3n de inicio de sesi\u00f3n y sus opciones de visualizaci\u00f3n de pantalla. Las cookies de inicio de sesi\u00f3n duran dos d\u00edas, y las cookies de opciones de pantalla duran un a\u00f1o. Si selecciona \u00abRecordarme\u00bb, su inicio de sesi\u00f3n persistir\u00e1 durante dos semanas. Si cierra la sesi\u00f3n de su cuenta, las cookies de inicio de sesi\u00f3n se eliminar\u00e1n.<\/p><p>Si edita o publica un art\u00edculo, se guardar\u00e1 una cookie adicional en su navegador. Esta cookie no incluye datos personales y simplemente indica el ID de publicaci\u00f3n del art\u00edculo que acaba de editar. Caduca despu\u00e9s de 1 d\u00eda.<\/p><h2 class=\"wp-block-heading\">Contenido incrustado de otros sitios web<\/h2><p>Texto sugerido: Los art\u00edculos en este sitio pueden incluir contenido incrustado (por ejemplo, videos, im\u00e1genes, art\u00edculos, etc.). El contenido incrustado de otros sitios web se comporta exactamente de la misma manera que si el visitante hubiera visitado el otro sitio web.<\/p><p>Estos sitios web pueden recopilar datos sobre usted, usar cookies, incrustar seguimiento adicional de terceros y monitorizar su interacci\u00f3n con ese contenido incrustado, incluyendo el seguimiento de su interacci\u00f3n con el contenido incrustado si tiene una cuenta y est\u00e1 conectado a ese sitio web.<\/p><h2 class=\"wp-block-heading\">Con qui\u00e9n compartimos sus datos<\/h2><p>Texto sugerido: Si solicita un restablecimiento de contrase\u00f1a, su direcci\u00f3n IP se incluir\u00e1 en el correo electr\u00f3nico de restablecimiento.<\/p><h2 class=\"wp-block-heading\">Cu\u00e1nto tiempo conservamos sus datos<\/h2><p>Texto sugerido: Si deja un comentario, el comentario y sus metadatos se conservan indefinidamente. Esto es para que podamos reconocer y aprobar autom\u00e1ticamente cualquier comentario de seguimiento en lugar de retenerlos en una cola de moderaci\u00f3n.<\/p><p>Para los usuarios que se registran en nuestro sitio web (si los hay), tambi\u00e9n almacenamos la informaci\u00f3n personal que proporcionan en su perfil de usuario. Todos los usuarios pueden ver, editar o eliminar su informaci\u00f3n personal en cualquier momento (excepto que no pueden cambiar su nombre de usuario). Qu\u00e9 derechos tiene sobre sus datos<\/p><h2 class=\"wp-block-heading\">What rights you have over your data<\/h2><p>Texto sugerido: Si tiene una cuenta en este sitio, o ha dejado comentarios, puede solicitar recibir un archivo exportado de los datos personales que conservamos sobre usted, incluidos cualquier dato que nos haya proporcionado. Tambi\u00e9n puede solicitar que borremos cualquier dato personal que conservemos sobre usted. Esto no incluye ning\u00fan dato que estemos obligados a conservar con fines administrativos, legales o de seguridad.<\/p><h2 class=\"wp-block-heading\">A d\u00f3nde se env\u00edan sus datos<\/h2><p>Texto sugerido: Los comentarios de los visitantes pueden ser verificados a trav\u00e9s de un servicio automatizado de detecci\u00f3n de spam.<\/p>","protected":false},"excerpt":{"rendered":"<p>Qui\u00e9nes Somos Texto sugerido: La direcci\u00f3n de nuestro sitio web es: http:\/\/snuoda.com. Comentarios Texto sugerido: Cuando los visitantes dejan comentarios en el sitio, recopilamos los datos mostrados en el formulario de comentarios, as\u00ed como la direcci\u00f3n IP del visitante y la cadena de agente de usuario del navegador para ayudar a la detecci\u00f3n de spam. Se puede proporcionar una cadena an\u00f3nima creada a partir de su direcci\u00f3n de correo electr\u00f3nico (tambi\u00e9n llamada hash) al servicio Gravatar para ver si lo est\u00e1 utilizando. La pol\u00edtica de privacidad del servicio Gravatar est\u00e1 disponible aqu\u00ed: https:\/\/automattic.com\/privacy\/. Despu\u00e9s de la aprobaci\u00f3n de su comentario, su imagen de perfil es visible para el p\u00fablico en el contexto de su comentario. Medios Texto sugerido:&hellip;<\/p>\n","protected":false},"author":1,"featured_media":0,"parent":0,"menu_order":0,"comment_status":"closed","ping_status":"open","template":"","meta":{"footnotes":""},"class_list":["post-6394","page","type-page","status-publish","hentry"],"yoast_head":"<!-- This site is optimized with the Yoast SEO plugin v24.3 - https:\/\/yoast.com\/wordpress\/plugins\/seo\/ -->\n<title>Pol\u00edtica de Privacidad - SnuoDa Cases<\/title>\n<meta name=\"robots\" content=\"index, follow, max-snippet:-1, max-image-preview:large, max-video-preview:-1\" \/>\n<link rel=\"canonical\" href=\"https:\/\/snuoda.com\/es\/politica-de-privacidad\/\" \/>\n<meta property=\"og:locale\" content=\"es_ES\" \/>\n<meta property=\"og:type\" content=\"article\" \/>\n<meta property=\"og:title\" content=\"Pol\u00edtica de Privacidad - SnuoDa Cases\" \/>\n<meta property=\"og:description\" content=\"Qui\u00e9nes Somos Texto sugerido: La direcci\u00f3n de nuestro sitio web es: http:\/\/snuoda.com. Comentarios Texto sugerido: Cuando los visitantes dejan comentarios en el sitio, recopilamos los datos mostrados en el formulario de comentarios, as\u00ed como la direcci\u00f3n IP del visitante y la cadena de agente de usuario del navegador para ayudar a la detecci\u00f3n de spam. Se puede proporcionar una cadena an\u00f3nima creada a partir de su direcci\u00f3n de correo electr\u00f3nico (tambi\u00e9n llamada hash) al servicio Gravatar para ver si lo est\u00e1 utilizando. La pol\u00edtica de privacidad del servicio Gravatar est\u00e1 disponible aqu\u00ed: https:\/\/automattic.com\/privacy\/. Despu\u00e9s de la aprobaci\u00f3n de su comentario, su imagen de perfil es visible para el p\u00fablico en el contexto de su comentario. Medios Texto sugerido:&hellip;\" \/>\n<meta property=\"og:url\" content=\"https:\/\/snuoda.com\/es\/politica-de-privacidad\/\" \/>\n<meta property=\"og:site_name\" content=\"SnuoDa Cases\" \/>\n<meta property=\"article:modified_time\" content=\"2025-11-16T04:36:15+00:00\" \/>\n<meta name=\"twitter:card\" content=\"summary_large_image\" \/>\n<meta name=\"twitter:label1\" content=\"Tiempo de lectura\" \/>\n\t<meta name=\"twitter:data1\" content=\"4 minutos\" \/>\n<script type=\"application\/ld+json\" class=\"yoast-schema-graph\">{\"@context\":\"https:\/\/schema.org\",\"@graph\":[{\"@type\":\"WebPage\",\"@id\":\"https:\/\/snuoda.com\/es\/politica-de-privacidad\/\",\"url\":\"https:\/\/snuoda.com\/es\/politica-de-privacidad\/\",\"name\":\"Pol\u00edtica de Privacidad - SnuoDa Cases\",\"isPartOf\":{\"@id\":\"https:\/\/snuoda.com\/es\/#website\"},\"datePublished\":\"2023-11-01T10:21:47+00:00\",\"dateModified\":\"2025-11-16T04:36:15+00:00\",\"breadcrumb\":{\"@id\":\"https:\/\/snuoda.com\/es\/politica-de-privacidad\/#breadcrumb\"},\"inLanguage\":\"es\",\"potentialAction\":[{\"@type\":\"ReadAction\",\"target\":[\"https:\/\/snuoda.com\/es\/politica-de-privacidad\/\"]}]},{\"@type\":\"BreadcrumbList\",\"@id\":\"https:\/\/snuoda.com\/es\/politica-de-privacidad\/#breadcrumb\",\"itemListElement\":[{\"@type\":\"ListItem\",\"position\":1,\"name\":\"Inicio\",\"item\":\"https:\/\/snuoda.com\/es\/inicio\/\"},{\"@type\":\"ListItem\",\"position\":2,\"name\":\"Pol\u00edtica de Privacidad\"}]},{\"@type\":\"WebSite\",\"@id\":\"https:\/\/snuoda.com\/es\/#website\",\"url\":\"https:\/\/snuoda.com\/es\/\",\"name\":\"SnuoDa Cases\",\"description\":\"\",\"publisher\":{\"@id\":\"https:\/\/snuoda.com\/es\/#organization\"},\"potentialAction\":[{\"@type\":\"SearchAction\",\"target\":{\"@type\":\"EntryPoint\",\"urlTemplate\":\"https:\/\/snuoda.com\/es\/?s={search_term_string}\"},\"query-input\":{\"@type\":\"PropertyValueSpecification\",\"valueRequired\":true,\"valueName\":\"search_term_string\"}}],\"inLanguage\":\"es\"},{\"@type\":\"Organization\",\"@id\":\"https:\/\/snuoda.com\/es\/#organization\",\"name\":\"SnuoDa Cases\",\"url\":\"https:\/\/snuoda.com\/es\/\",\"logo\":{\"@type\":\"ImageObject\",\"inLanguage\":\"es\",\"@id\":\"https:\/\/snuoda.com\/es\/#\/schema\/logo\/image\/\",\"url\":\"https:\/\/snuoda.com\/wp-content\/uploads\/2025\/11\/SnuoDa-case-logo-e1762683840464.png\",\"contentUrl\":\"https:\/\/snuoda.com\/wp-content\/uploads\/2025\/11\/SnuoDa-case-logo-e1762683840464.png\",\"width\":150,\"height\":80,\"caption\":\"SnuoDa Cases\"},\"image\":{\"@id\":\"https:\/\/snuoda.com\/es\/#\/schema\/logo\/image\/\"}}]}<\/script>\n<!-- \/ Yoast SEO plugin. -->","yoast_head_json":{"title":"Pol\u00edtica de Privacidad - SnuoDa Cases","robots":{"index":"index","follow":"follow","max-snippet":"max-snippet:-1","max-image-preview":"max-image-preview:large","max-video-preview":"max-video-preview:-1"},"canonical":"https:\/\/snuoda.com\/es\/politica-de-privacidad\/","og_locale":"es_ES","og_type":"article","og_title":"Pol\u00edtica de Privacidad - SnuoDa Cases","og_description":"Qui\u00e9nes Somos Texto sugerido: La direcci\u00f3n de nuestro sitio web es: http:\/\/snuoda.com. Comentarios Texto sugerido: Cuando los visitantes dejan comentarios en el sitio, recopilamos los datos mostrados en el formulario de comentarios, as\u00ed como la direcci\u00f3n IP del visitante y la cadena de agente de usuario del navegador para ayudar a la detecci\u00f3n de spam. Se puede proporcionar una cadena an\u00f3nima creada a partir de su direcci\u00f3n de correo electr\u00f3nico (tambi\u00e9n llamada hash) al servicio Gravatar para ver si lo est\u00e1 utilizando. La pol\u00edtica de privacidad del servicio Gravatar est\u00e1 disponible aqu\u00ed: https:\/\/automattic.com\/privacy\/. Despu\u00e9s de la aprobaci\u00f3n de su comentario, su imagen de perfil es visible para el p\u00fablico en el contexto de su comentario. Medios Texto sugerido:&hellip;","og_url":"https:\/\/snuoda.com\/es\/politica-de-privacidad\/","og_site_name":"SnuoDa Cases","article_modified_time":"2025-11-16T04:36:15+00:00","twitter_card":"summary_large_image","twitter_misc":{"Tiempo de lectura":"4 minutos"},"schema":{"@context":"https:\/\/schema.org","@graph":[{"@type":"WebPage","@id":"https:\/\/snuoda.com\/es\/politica-de-privacidad\/","url":"https:\/\/snuoda.com\/es\/politica-de-privacidad\/","name":"Pol\u00edtica de Privacidad - SnuoDa Cases","isPartOf":{"@id":"https:\/\/snuoda.com\/es\/#website"},"datePublished":"2023-11-01T10:21:47+00:00","dateModified":"2025-11-16T04:36:15+00:00","breadcrumb":{"@id":"https:\/\/snuoda.com\/es\/politica-de-privacidad\/#breadcrumb"},"inLanguage":"es","potentialAction":[{"@type":"ReadAction","target":["https:\/\/snuoda.com\/es\/politica-de-privacidad\/"]}]},{"@type":"BreadcrumbList","@id":"https:\/\/snuoda.com\/es\/politica-de-privacidad\/#breadcrumb","itemListElement":[{"@type":"ListItem","position":1,"name":"Inicio","item":"https:\/\/snuoda.com\/es\/inicio\/"},{"@type":"ListItem","position":2,"name":"Pol\u00edtica de Privacidad"}]},{"@type":"WebSite","@id":"https:\/\/snuoda.com\/es\/#website","url":"https:\/\/snuoda.com\/es\/","name":"SnuoDa Cases","description":"","publisher":{"@id":"https:\/\/snuoda.com\/es\/#organization"},"potentialAction":[{"@type":"SearchAction","target":{"@type":"EntryPoint","urlTemplate":"https:\/\/snuoda.com\/es\/?s={search_term_string}"},"query-input":{"@type":"PropertyValueSpecification","valueRequired":true,"valueName":"search_term_string"}}],"inLanguage":"es"},{"@type":"Organization","@id":"https:\/\/snuoda.com\/es\/#organization","name":"SnuoDa Cases","url":"https:\/\/snuoda.com\/es\/","logo":{"@type":"ImageObject","inLanguage":"es","@id":"https:\/\/snuoda.com\/es\/#\/schema\/logo\/image\/","url":"https:\/\/snuoda.com\/wp-content\/uploads\/2025\/11\/SnuoDa-case-logo-e1762683840464.png","contentUrl":"https:\/\/snuoda.com\/wp-content\/uploads\/2025\/11\/SnuoDa-case-logo-e1762683840464.png","width":150,"height":80,"caption":"SnuoDa Cases"},"image":{"@id":"https:\/\/snuoda.com\/es\/#\/schema\/logo\/image\/"}}]}},"jetpack_sharing_enabled":true,"_links":{"self":[{"href":"https:\/\/snuoda.com\/es\/wp-json\/wp\/v2\/pages\/6394","targetHints":{"allow":["GET"]}}],"collection":[{"href":"https:\/\/snuoda.com\/es\/wp-json\/wp\/v2\/pages"}],"about":[{"href":"https:\/\/snuoda.com\/es\/wp-json\/wp\/v2\/types\/page"}],"author":[{"embeddable":true,"href":"https:\/\/snuoda.com\/es\/wp-json\/wp\/v2\/users\/1"}],"replies":[{"embeddable":true,"href":"https:\/\/snuoda.com\/es\/wp-json\/wp\/v2\/comments?post=6394"}],"version-history":[{"count":3,"href":"https:\/\/snuoda.com\/es\/wp-json\/wp\/v2\/pages\/6394\/revisions"}],"predecessor-version":[{"id":6397,"href":"https:\/\/snuoda.com\/es\/wp-json\/wp\/v2\/pages\/6394\/revisions\/6397"}],"wp:attachment":[{"href":"https:\/\/snuoda.com\/es\/wp-json\/wp\/v2\/media?parent=6394"}],"curies":[{"name":"wp","href":"https:\/\/api.w.org\/{rel}","templated":true}]}}